{"id":4564,"date":"2021-02-03T10:58:36","date_gmt":"2021-02-03T07:58:36","guid":{"rendered":"https:\/\/miracleworks.com.tr\/?page_id=4564"},"modified":"2022-05-11T15:09:12","modified_gmt":"2022-05-11T12:09:12","slug":"home_en","status":"publish","type":"page","link":"https:\/\/miracleworks.com.tr\/en\/","title":{"rendered":"Anasayfa"},"content":{"rendered":"<section class=\"l-section wpb_row height_auto width_full slider\" id=\"home\"><div class=\"l-section-h i-cf\"><div class=\"g-cols vc_row type_default valign_top\"><div class=\"vc_col-sm-12 wpb_column vc_column_container slider\"><div class=\"vc_column-inner\"><div class=\"wpb_wrapper\"><\/div><\/div><\/div><\/div><\/div><\/section><section class=\"l-section wpb_row us_custom_fd3e2a57 height_medium\" id=\"games\"><div class=\"l-section-h i-cf\"><div class=\"g-cols vc_row type_default valign_top\"><div class=\"vc_col-sm-12 wpb_column vc_column_container\"><div class=\"vc_column-inner us_custom_4eb6a293\"><div class=\"wpb_wrapper\"><div class=\"g-cols wpb_row  type_default valign_top vc_inner vc_hidden-sm vc_hidden-xs\"><div class=\"vc_col-sm-12 wpb_column vc_column_container\"><div class=\"vc_column-inner\"><div class=\"wpb_wrapper\"><div class=\"w-separator size_medium vc_hidden-sm vc_hidden-xs\"><\/div><\/div><\/div><\/div><\/div><div class=\"g-cols wpb_row  type_default valign_top vc_inner\"><div class=\"vc_col-sm-12 wpb_column vc_column_container\"><div class=\"vc_column-inner\"><div class=\"wpb_wrapper\"><div class=\"wpb_text_column\" ><div class=\"wpb_wrapper\"><p style=\"text-align: center;\"><a class=\"maxbutton-12 maxbutton maxbutton-games\" href=\"javascript:void(0);\"><span class='mb-text'>GAMES<\/span><\/a><\/p>\n<\/div><\/div><\/div><\/div><\/div><\/div><div class=\"g-cols wpb_row  type_default valign_top vc_inner vc_hidden-sm vc_hidden-xs\"><div class=\"vc_col-sm-12 wpb_column vc_column_container\"><div class=\"vc_column-inner\"><div class=\"wpb_wrapper\"><div class=\"w-separator size_huge vc_hidden-sm vc_hidden-xs\"><\/div><\/div><\/div><\/div><\/div><div class=\"g-cols wpb_row  us_custom_71b7de21 type_default valign_top vc_inner\"><div class=\"vc_col-sm-2\/5 wpb_column vc_column_container\"><div class=\"vc_column-inner us_custom_e0c1a0be\"><div class=\"wpb_wrapper\"><div class=\"wpb_text_column us_custom_bd6af4d7\" ><div class=\"wpb_wrapper\"><h2 class=\"title style-scope ytd-video-primary-info-renderer\" style=\"text-align: left;\"><span style=\"color: #cd2c4e;\"><strong>NINJA&#8217;S DUNGEON<\/strong><\/span><\/h2>\n<p style=\"text-align: left; font-size: 18px;\"><span style=\"color: #f5f2f2;\">Let&#8217;s see if you can escape from the dungeon.<\/span><\/p>\n<p style=\"text-align: left; font-size: 18px;\"><span style=\"color: #f5f2f2;\"> Ninja&#8217;s Dungeon is a 2D mobile platform skill game aimed at mobile players. The player tries to finish each chapter by avoiding the traps. Chapters have to be completed in a given limited time.<\/span><\/p>\n<\/div><\/div><\/div><\/div><\/div><div class=\"vc_col-sm-3\/5 wpb_column vc_column_container\"><div class=\"vc_column-inner\"><div class=\"wpb_wrapper\"><div class=\"w-video align_left ratio_16x9\"><div class=\"w-video-h\"><iframe src=\"\/\/www.youtube.com\/embed\/U35DmSGZUzI?autoplay=0&controls=1&origin=https%3A%2F%2Fmiracleworks.com.tr\" allowfullscreen=\"1\"><\/iframe><\/div><div class=\"w-video-icon\" style=\"font-size:1.5rem;background:rgba(0,0,0,0.5);color:#fff;\"><\/div><\/div><\/div><\/div><\/div><\/div><div class=\"g-cols wpb_row  us_custom_a2aeb65f type_default valign_top vc_inner\"><div class=\"vc_col-sm-1\/5 wpb_column vc_column_container\"><div class=\"vc_column-inner\"><div class=\"wpb_wrapper\"><div class=\"wpb_text_column google with_show_more_toggle\" data-toggle-height=\"200px\"><div class=\"wpb_wrapper\"><p><img loading=\"lazy\" class=\"alignnone wp-image-4604 aligncenter\" src=\"https:\/\/miracleworks.com.tr\/wp-content\/uploads\/2021\/09\/playstoreing-1.png\" alt=\"\" width=\"220\" height=\"58\" \/><\/p>\n<\/div><div class=\"toggle-links align_center\"><a href=\"javascript:void(0)\" class=\"toggle-show-more\">Show More<\/a><a href=\"javascript:void(0)\" class=\"toggle-show-less\">Show Less<\/a><\/div><\/div><\/div><\/div><\/div><div class=\"vc_col-sm-1\/5 wpb_column vc_column_container has-link\"><div class=\"vc_column-inner\"><div class=\"wpb_wrapper\"><div class=\"wpb_text_column apple with_show_more_toggle\" data-toggle-height=\"200px\"><div class=\"wpb_wrapper\"><p><a href=\"https:\/\/apps.apple.com\/mt\/app\/ninjas-dungeon\/id1597632530\" target=\"_blank\" rel=\"noopener\"><img loading=\"lazy\" class=\"aligncenter wp-image-4120\" src=\"https:\/\/miracleworks.com.tr\/wp-content\/uploads\/2021\/09\/appstoreing-1.png\" alt=\"\" width=\"221\" height=\"58\" \/><\/a><\/p>\n<\/div><div class=\"toggle-links align_center\"><a href=\"javascript:void(0)\" class=\"toggle-show-more\">Show More<\/a><a href=\"javascript:void(0)\" class=\"toggle-show-less\">Show Less<\/a><\/div><\/div><\/div><a target=\"_blank\" href=\"https:\/\/apps.apple.com\/mt\/app\/ninjas-dungeon\/id1597632530\" rel=\"noopener\" class=\"vc_column-link smooth-scroll\" aria-label=\"Link\"><\/a><\/div><\/div><div class=\"vc_col-sm-3\/5 wpb_column vc_column_container\"><div class=\"vc_column-inner\"><div class=\"wpb_wrapper\"><\/div><\/div><\/div><\/div><div class=\"g-cols wpb_row  type_default valign_top vc_inner vc_hidden-sm vc_hidden-xs\"><div class=\"vc_col-sm-12 wpb_column vc_column_container\"><div class=\"vc_column-inner\"><div class=\"wpb_wrapper\"><div class=\"w-separator size_huge vc_hidden-sm vc_hidden-xs\"><\/div><\/div><\/div><\/div><\/div><div class=\"g-cols wpb_row  us_custom_d2199d32 type_default valign_top vc_inner\"><div class=\"vc_col-sm-3\/5 wpb_column vc_column_container\"><div class=\"vc_column-inner\"><div class=\"wpb_wrapper\"><div class=\"w-video align_left ratio_16x9\"><div class=\"w-video-h\"><iframe src=\"\/\/www.youtube.com\/embed\/NlKJ_crB164?autoplay=0&controls=1&origin=https%3A%2F%2Fmiracleworks.com.tr\" allowfullscreen=\"1\"><\/iframe><\/div><div class=\"w-video-icon\" style=\"font-size:1.5rem;background:rgba(0,0,0,0.5);color:#fff;\"><\/div><\/div><\/div><\/div><\/div><div class=\"vc_col-sm-2\/5 wpb_column vc_column_container\"><div class=\"vc_column-inner us_custom_5f36aca7\"><div class=\"wpb_wrapper\"><div class=\"wpb_text_column us_custom_18df6862\" ><div class=\"wpb_wrapper\"><h2 style=\"color: white; text-align: left;\"><strong><span style=\"color: #cd2c4e;\">DREAMLAND<\/span><\/strong><\/h2>\n<p style=\"text-align: left; font-size: 18px;\"><span style=\"color: #f5f2f2;\">Can you stop this chaos?<\/span><\/p>\n<p style=\"text-align: left; font-size: 18px;\"><span style=\"color: #f5f2f2;\"> Dreamland is a 3D mobile adventure game aimed at mobile gamers. The player tries to finish various tasks assigned to him.<\/span><\/p>\n<\/div><\/div><\/div><\/div><\/div><\/div><\/div><\/div><\/div><div class=\"vc_col-sm-12 wpb_column vc_column_container\"><div class=\"vc_column-inner\"><div class=\"wpb_wrapper\"><div class=\"g-cols wpb_row  us_custom_a2aeb65f type_default valign_top vc_inner\"><div class=\"vc_col-sm-3\/5 wpb_column vc_column_container\"><div class=\"vc_column-inner\"><div class=\"wpb_wrapper\"><\/div><\/div><\/div><div class=\"vc_col-sm-2\/5 wpb_column vc_column_container\"><div class=\"vc_column-inner\"><div class=\"wpb_wrapper\"><div class=\"wpb_text_column us_custom_308d7c64 pekyakinda with_show_more_toggle\" data-toggle-height=\"200px\"><div class=\"wpb_wrapper\"><p><img loading=\"lazy\" class=\"size-full wp-image-4155 alignleft\" src=\"https:\/\/miracleworks.com.tr\/wp-content\/uploads\/2021\/02\/ComingSoon.png\" alt=\"\" width=\"218\" height=\"73\" \/><\/p>\n<\/div><div class=\"toggle-links align_default\"><a href=\"javascript:void(0)\" class=\"toggle-show-more\">Show More<\/a><a href=\"javascript:void(0)\" class=\"toggle-show-less\">Show Less<\/a><\/div><\/div><\/div><\/div><\/div><\/div><div class=\"g-cols wpb_row  type_default valign_top vc_inner vc_hidden-sm vc_hidden-xs\"><div class=\"vc_col-sm-12 wpb_column vc_column_container\"><div class=\"vc_column-inner\"><div class=\"wpb_wrapper\"><div class=\"w-separator size_huge vc_hidden-sm vc_hidden-xs\"><\/div><\/div><\/div><\/div><\/div><\/div><\/div><\/div><\/div><\/div><\/section><section class=\"l-section wpb_row us_custom_43c5b887 height_medium hakkimizda\" id=\"aboutus\"><div class=\"l-section-h i-cf\"><div class=\"g-cols vc_row type_default valign_top\"><div class=\"vc_col-sm-12 wpb_column vc_column_container has_text_color\"><div class=\"vc_column-inner us_custom_6df4bc3a\"><div class=\"wpb_wrapper\"><div class=\"g-cols wpb_row  type_default valign_top vc_inner vc_hidden-sm vc_hidden-xs\"><div class=\"vc_col-sm-12 wpb_column vc_column_container\"><div class=\"vc_column-inner\"><div class=\"wpb_wrapper\"><div class=\"w-separator size_medium\"><\/div><\/div><\/div><\/div><\/div><div class=\"wpb_text_column\" ><div class=\"wpb_wrapper\"><p style=\"text-align: center;\"><a class=\"maxbutton-13 maxbutton maxbutton-about-us\" href=\"javascript:void(0);\"><span class='mb-text'>ABOUT US<\/span><\/a><\/p>\n<\/div><\/div><div class=\"g-cols wpb_row  type_default valign_top vc_inner vc_hidden-sm vc_hidden-xs\"><div class=\"vc_col-sm-12 wpb_column vc_column_container\"><div class=\"vc_column-inner\"><div class=\"wpb_wrapper\"><div class=\"w-separator size_medium\"><\/div><\/div><\/div><\/div><\/div><div class=\"wpb_text_column us_custom_6df4bc3a has_text_color\" ><div class=\"wpb_wrapper\"><p style=\"text-align: center; font-size: 18px;\">WE WRITE OUR OWN STORY IN THE GAME WORLD<\/p>\n<p style=\"text-align: center;\">We established the Miracle Works Game Studio in Y\u0131ld\u0131z Technical University Technopark. We have been working for you since the day we were founded and we produce digital games for you to have fun.<\/p>\n<p style=\"text-align: center;\">We produce our game projects according to different media and users. We value diversity in what we do. We work with an expert and promising team in the field in order to make successful and accurate projects.<\/p>\n<p style=\"text-align: center;\">Miracle Works Game Studio 2019 was accepted to Y\u0131ld\u0131z Technopark.<\/p>\n<p style=\"text-align: center;\">Received acceptance to KOSGEB R&amp;D and Innovation Support program in 2020.<\/p>\n<p style=\"text-align: center;\">At the end of 2020, it was found eligible for the &#8220;Digital Game Clustering Program&#8221; conducted jointly by the Ministry of Commerce and the Istanbul Chamber of Commerce. It became one of the game companies to be supported for three years.<\/p>\n<\/div><\/div><div class=\"g-cols wpb_row  type_default valign_top vc_inner vc_hidden-sm vc_hidden-xs\"><div class=\"vc_col-sm-12 wpb_column vc_column_container\"><div class=\"vc_column-inner\"><div class=\"wpb_wrapper\"><div class=\"w-separator size_medium\"><\/div><\/div><\/div><\/div><\/div><\/div><\/div><\/div><\/div><\/div><\/section><section class=\"l-section wpb_row us_custom_fd3e2a57 height_medium\" id=\"career\"><div class=\"l-section-h i-cf\"><div class=\"g-cols vc_row type_default valign_top\"><div class=\"vc_col-sm-12 wpb_column vc_column_container\"><div class=\"vc_column-inner\"><div class=\"wpb_wrapper\"><div class=\"g-cols wpb_row  type_default valign_top vc_inner vc_hidden-sm vc_hidden-xs\"><div class=\"vc_col-sm-12 wpb_column vc_column_container\"><div class=\"vc_column-inner\"><div class=\"wpb_wrapper\"><div class=\"w-separator size_medium\"><\/div><\/div><\/div><\/div><\/div><div class=\"g-cols wpb_row  type_default valign_top vc_inner\"><div class=\"vc_col-sm-12 wpb_column vc_column_container\"><div class=\"vc_column-inner\"><div class=\"wpb_wrapper\"><div class=\"wpb_text_column us_custom_2bcabad4\" ><div class=\"wpb_wrapper\"><p style=\"text-align: center;\"><a class=\"maxbutton-14 maxbutton maxbutton-career\" href=\"javascript:void(0);\"><span class='mb-text'>CAREER<\/span><\/a><\/p>\n<\/div><\/div><div class=\"wpb_text_column us_custom_6df4bc3a has_text_color\" ><div class=\"wpb_wrapper\"><p style=\"color: black; text-align: center;\"><span style=\"color: #ffffff;\">You can apply to be in the Miracle Works Game Studio team.<\/span><\/p>\n<\/div><\/div><\/div><\/div><\/div><\/div><div class=\"g-cols wpb_row  type_default valign_top vc_inner vc_hidden-sm vc_hidden-xs\"><div class=\"vc_col-sm-12 wpb_column vc_column_container\"><div class=\"vc_column-inner\"><div class=\"wpb_wrapper\"><div class=\"w-separator size_medium\"><\/div><\/div><\/div><\/div><\/div><div class=\"g-cols wpb_row  type_default valign_top vc_inner\"><div class=\"vc_col-sm-1\/5 wpb_column vc_column_container\"><div class=\"vc_column-inner\"><div class=\"wpb_wrapper\"><\/div><\/div><\/div><div class=\"vc_col-sm-1\/5 wpb_column vc_column_container\"><div class=\"vc_column-inner\"><div class=\"wpb_wrapper\"><div class=\"wpb_text_column\" ><div class=\"wpb_wrapper\"><p style=\"text-align: center;\"><a class=\"maxbutton-5 maxbutton\" href=\"javascript:void(0);\"><span class='mb-text'>Game Developer<\/span><\/a><\/p>\n<\/div><\/div><\/div><\/div><\/div><div class=\"vc_col-sm-1\/5 wpb_column vc_column_container\"><div class=\"vc_column-inner\"><div class=\"wpb_wrapper\"><div class=\"wpb_text_column\" ><div class=\"wpb_wrapper\"><p style=\"text-align: center;\"><a class=\"maxbutton-6 maxbutton\" href=\"javascript:void(0);\"><span class='mb-text'>Game Designer<\/span><\/a><\/p>\n<\/div><\/div><\/div><\/div><\/div><div class=\"vc_col-sm-1\/5 wpb_column vc_column_container\"><div class=\"vc_column-inner\"><div class=\"wpb_wrapper\"><div class=\"wpb_text_column\" ><div class=\"wpb_wrapper\"><p style=\"text-align: center;\"><a class=\"maxbutton-7 maxbutton\" href=\"javascript:void(0);\"><span class='mb-text'>Artist<\/span><\/a><\/p>\n<\/div><\/div><\/div><\/div><\/div><div class=\"vc_col-sm-1\/5 wpb_column vc_column_container\"><div class=\"vc_column-inner\"><div class=\"wpb_wrapper\"><\/div><\/div><\/div><\/div><div class=\"g-cols wpb_row  type_default valign_top vc_inner vc_hidden-sm vc_hidden-xs\"><div class=\"vc_col-sm-12 wpb_column vc_column_container\"><div class=\"vc_column-inner\"><div class=\"wpb_wrapper\"><div class=\"w-separator size_medium\"><\/div><\/div><\/div><\/div><\/div><div class=\"g-cols wpb_row  type_default valign_top vc_inner\"><div class=\"vc_col-sm-2 wpb_column vc_column_container\"><div class=\"vc_column-inner\"><div class=\"wpb_wrapper\"><\/div><\/div><\/div><div class=\"vc_col-sm-8 wpb_column vc_column_container\"><div class=\"vc_column-inner\"><div class=\"wpb_wrapper\"><div class=\"cf7sg-container\"><div id=\"cf7sg-form-kariyeriletisimformu_copy\" class=\"cf7-smart-grid has-grid key_kariyeriletisimformu_copy\"><div role=\"form\" class=\"wpcf7\" id=\"wpcf7-f4582-o1\" lang=\"tr-TR\" dir=\"ltr\">\n<div class=\"screen-reader-response\" role=\"alert\" aria-live=\"polite\"><\/div>\n<form action=\"\/en\/wp-json\/wp\/v2\/pages\/4564#wpcf7-f4582-o1\" method=\"post\" class=\"wpcf7-form init\" enctype=\"multipart\/form-data\" novalidate=\"novalidate\">\n<div style=\"display: none;\">\n<input type=\"hidden\" name=\"_wpcf7\" value=\"4582\" \/>\n<input type=\"hidden\" name=\"_wpcf7_version\" value=\"5.2.2\" \/>\n<input type=\"hidden\" name=\"_wpcf7_locale\" value=\"tr_TR\" \/>\n<input type=\"hidden\" name=\"_wpcf7_unit_tag\" value=\"wpcf7-f4582-o1\" \/>\n<input type=\"hidden\" name=\"_wpcf7_container_post\" value=\"0\" \/>\n<input type=\"hidden\" name=\"_wpcf7_posted_data_hash\" value=\"\" \/>\n<input type=\"hidden\" name=\"_wpcf7_key\" value=\"kariyeriletisimformu_copy\" \/>\n<input type=\"hidden\" name=\"_cf7sg_toggles\" value=\"\" \/>\n<input type=\"hidden\" name=\"_cf7sg_version\" value=\"4.7.2\" \/>\n<input type=\"hidden\" name=\"_wpnonce\" value=\"cb838f4615\" \/>\n<\/div>\n<div class=\"container\" id=\"1v_7RL\">\n  <div class=\"row\">\n    <div class=\"columns one-half\">\n      <div class=\"field\"><label>Name Surname <em>*<\/em><\/label><span class=\"wpcf7-form-control-wrap isim\"><input type=\"text\" name=\"isim\" value=\"\" size=\"40\" class=\"wpcf7-form-control wpcf7-text wpcf7-validates-as-required\" aria-required=\"true\" aria-invalid=\"false\" \/><\/span><br>\n        <p class=\"info-tip\"><\/p>\n      <\/div>\n    <\/div>\n    <div class=\"columns one-half\">\n      <div class=\"field\"><label>E-mail Address <em>*<\/em><\/label><span class=\"wpcf7-form-control-wrap eposta\"><input type=\"email\" name=\"eposta\" value=\"\" size=\"40\" class=\"wpcf7-form-control wpcf7-text wpcf7-email wpcf7-validates-as-required wpcf7-validates-as-email\" aria-required=\"true\" aria-invalid=\"false\" \/><\/span><br>\n        <p class=\"info-tip\"><\/p>\n      <\/div>\n    <\/div>\n  <\/div>\n<\/div>\n<div class=\"container\">\n  <div class=\"row\">\n    <div class=\"columns one-half\">\n      <div class=\"field\"><label><br>Phone Number <em>*<\/em><\/label><span class=\"wpcf7-form-control-wrap telefon\"><input type=\"tel\" name=\"telefon\" value=\"\" size=\"40\" class=\"wpcf7-form-control wpcf7-text wpcf7-tel wpcf7-validates-as-required wpcf7-validates-as-tel\" aria-required=\"true\" aria-invalid=\"false\" \/><\/span>\n        <p class=\"info-tip\"><\/p>\n      <\/div>\n    <\/div>\n    <div class=\"columns one-half\">\n      <div class=\"field\"><label><br>Position Applied  <em>*<\/em><\/label><span class=\"wpcf7-form-control-wrap BasvurulanPozisyon\"><select name=\"BasvurulanPozisyon\" class=\"wpcf7-form-control wpcf7-select wpcf7-validates-as-required\" aria-required=\"true\" aria-invalid=\"false\"><option value=\"Game Developer\">Game Developer<\/option><option value=\"Game Designer\">Game Designer<\/option><option value=\"Artist\">Artist<\/option><\/select><\/span>\n        <p class=\"info-tip\"><\/p>\n      <\/div>\n    <\/div>\n  <\/div>\n<\/div>\n<div class=\"container\">\n  <div class=\"row\">\n    <div class=\"columns full\">\n      <div class=\"field\"><label><br>Message<\/label><span class=\"wpcf7-form-control-wrap mesaj\"><textarea name=\"mesaj\" cols=\"40\" rows=\"5\" class=\"wpcf7-form-control wpcf7-textarea\" aria-invalid=\"false\"><\/textarea><\/span><br>\n        <p class=\"info-tip\"><\/p>\n      <\/div>\n    <\/div>\n  <\/div>\n<\/div>\n<div>\n  <div class=\"row\" style=\"margin-left:65px\">\n    <div class=\"columns one-half\" id=\"dosyaa\">\n      <div class=\"field\"><label><\/label><span class=\"wpcf7-form-control-wrap dosyaekle\"><input type=\"file\" name=\"dosyaekle\" size=\"40\" class=\"wpcf7-form-control wpcf7-file adddocs-with-image-EN\" accept=\".jpg,.png,.xlsx,.docx\" aria-invalid=\"false\" \/><\/span>\n        <p class=\"info-tip\"><\/p>\n      <\/div>\n    <\/div>\n    <div class=\"columns one-half\" id=\"gonderr\">\n      <div class=\"field\"><label><\/label><input type=\"submit\" value=\"Send\" class=\"wpcf7-form-control wpcf7-submit submit-with-image-EN\" \/>\n        <p class=\"info-tip\"><\/p>\n      <\/div>\n    <\/div>\n  <\/div>\n<\/div><div class=\"wpcf7-response-output\" role=\"alert\" aria-hidden=\"true\"><\/div><\/form><\/div><\/div><\/div><\/div><\/div><\/div><div class=\"vc_col-sm-2 wpb_column vc_column_container\"><div class=\"vc_column-inner\"><div class=\"wpb_wrapper\"><\/div><\/div><\/div><\/div><\/div><\/div><\/div><\/div><\/div><\/section><section class=\"l-section wpb_row us_custom_43c5b887 height_medium\" id=\"contact\"><div class=\"l-section-h i-cf\"><div class=\"g-cols vc_row type_default valign_top\"><div class=\"vc_col-sm-12 wpb_column vc_column_container\"><div class=\"vc_column-inner\"><div class=\"wpb_wrapper\"><div class=\"g-cols wpb_row  type_default valign_top vc_inner vc_hidden-sm vc_hidden-xs\"><div class=\"vc_col-sm-12 wpb_column vc_column_container\"><div class=\"vc_column-inner\"><div class=\"wpb_wrapper\"><div class=\"w-separator size_medium\"><\/div><\/div><\/div><\/div><\/div><div class=\"g-cols wpb_row  us_custom_6df4bc3a type_default valign_top vc_inner has_text_color\"><div class=\"vc_col-sm-12 wpb_column vc_column_container\"><div class=\"vc_column-inner\"><div class=\"wpb_wrapper\"><div class=\"wpb_text_column\" ><div class=\"wpb_wrapper\"><p style=\"text-align: center;\"><a class=\"maxbutton-15 maxbutton maxbutton-contact\" href=\"javascript:void(0);\"><span class='mb-text'>CONTACT<\/span><\/a><\/p>\n<\/div><\/div><div class=\"wpb_text_column us_custom_6df4bc3a has_text_color\" ><div class=\"wpb_wrapper\"><p style=\"color: black; text-align: center;\"><span style=\"color: #ffffff;\">You can reach us about everything<\/span><\/p>\n<\/div><\/div><div class=\"wpb_text_column\" ><div class=\"wpb_wrapper\"><h4 style=\"color: black; text-align: center;\"><span style=\"color: #446ca6;\">info@miracleworks.com.tr<\/span><\/h4>\n<\/div><\/div><div class=\"wpb_text_column us_custom_6df4bc3a has_text_color\" ><div class=\"wpb_wrapper\"><p style=\"color: black; text-align: center;\"><span style=\"color: #ffffff;\"><strong>Miracle Works Game Studio LTD<\/strong><\/span><\/p>\n<\/div><\/div><div class=\"wpb_text_column us_custom_6df4bc3a has_text_color\" ><div class=\"wpb_wrapper\"><p style=\"color: black; text-align: center;\"><span style=\"color: #ffffff;\">Y\u0131ld\u0131z Teknik \u00dcniversitesi Davutpa\u015fa Kamp\u00fcs\u00fc, Y\u0131ld\u0131z Teknopark, \u00c7ifte<\/span><br \/>\n<span style=\"color: #ffffff;\">Havuzlar Mah. Eski Londra Asfalt\u0131 Cad. Kulu\u00e7ka Merkezi A1 Blok ,<\/span><br \/>\n<span style=\"color: #ffffff;\">\u0130\u00e7 Kap\u0131 No:1B20, Esenler-\u0130stanbul \/ T\u00fcrkiye<\/span><\/p>\n<\/div><\/div><\/div><\/div><\/div><\/div><div class=\"g-cols wpb_row  type_default valign_top vc_inner vc_hidden-sm vc_hidden-xs\"><div class=\"vc_col-sm-12 wpb_column vc_column_container\"><div class=\"vc_column-inner\"><div class=\"wpb_wrapper\"><div class=\"w-separator size_medium\"><\/div><\/div><\/div><\/div><\/div><\/div><\/div><\/div><\/div><\/div><\/section>\n","protected":false},"excerpt":{"rendered":"GAMES NINJA&#8217;S DUNGEON Let&#8217;s see if you can escape from the dungeon. Ninja&#8217;s Dungeon is a 2D mobile platform skill game aimed at mobile players. The player tries to finish each chapter by avoiding the traps. Chapters have to be completed in a given limited time. Show MoreShow Less Show MoreShow LessDREAMLAND Can you stop...","protected":false},"author":1,"featured_media":0,"parent":0,"menu_order":0,"comment_status":"closed","ping_status":"closed","template":"","meta":[],"_links":{"self":[{"href":"https:\/\/miracleworks.com.tr\/en\/wp-json\/wp\/v2\/pages\/4564"}],"collection":[{"href":"https:\/\/miracleworks.com.tr\/en\/wp-json\/wp\/v2\/pages"}],"about":[{"href":"https:\/\/miracleworks.com.tr\/en\/wp-json\/wp\/v2\/types\/page"}],"author":[{"embeddable":true,"href":"https:\/\/miracleworks.com.tr\/en\/wp-json\/wp\/v2\/users\/1"}],"replies":[{"embeddable":true,"href":"https:\/\/miracleworks.com.tr\/en\/wp-json\/wp\/v2\/comments?post=4564"}],"version-history":[{"count":16,"href":"https:\/\/miracleworks.com.tr\/en\/wp-json\/wp\/v2\/pages\/4564\/revisions"}],"predecessor-version":[{"id":4639,"href":"https:\/\/miracleworks.com.tr\/en\/wp-json\/wp\/v2\/pages\/4564\/revisions\/4639"}],"wp:attachment":[{"href":"https:\/\/miracleworks.com.tr\/en\/wp-json\/wp\/v2\/media?parent=4564"}],"curies":[{"name":"wp","href":"https:\/\/api.w.org\/{rel}","templated":true}]}}